{"id":50,"date":"2026-04-14T16:03:10","date_gmt":"2026-04-14T16:03:10","guid":{"rendered":"https:\/\/gealsa.testmillennials.es\/?page_id=50"},"modified":"2026-04-21T08:41:36","modified_gmt":"2026-04-21T08:41:36","slug":"50-2","status":"publish","type":"page","link":"https:\/\/gealsa.testmillennials.es\/?page_id=50","title":{"rendered":"Gesti\u00f3n con Pago Garantizado"},"content":{"rendered":"<div class=\"wpb-content-wrapper\"><p>[vc_row full_width=\u00bbstretch_row_content_no_spaces\u00bb equal_height=\u00bbyes\u00bb content_placement=\u00bbmiddle\u00bb woodmart_css_id=\u00bb69de65d577ba3&#8243; responsive_spacing=\u00bbeyJwYXJhbV90eXBlIjoid29vZG1hcnRfcmVzcG9uc2l2ZV9zcGFjaW5nIiwic2VsZWN0b3JfaWQiOiI2OWRlNjVkNTc3YmEzIiwic2hvcnRjb2RlIjoidmNfcm93IiwiZGF0YSI6eyJ0YWJsZXQiOnsibWFyZ2luLXRvcCI6Ii03MHB4In0sIm1vYmlsZSI6e319fQ==\u00bb mobile_bg_img_hidden=\u00bbno\u00bb tablet_bg_img_hidden=\u00bbno\u00bb woodmart_parallax=\u00bb0&#8243; woodmart_gradient_switch=\u00bbno\u00bb woodmart_box_shadow=\u00bbno\u00bb wd_z_index=\u00bbno\u00bb woodmart_disable_overflow=\u00bb0&#8243; row_reverse_mobile=\u00bb0&#8243; row_reverse_tablet=\u00bb0&#8243; css=\u00bb.vc_custom_1776182756063{margin-top: -50px !important;background-color: #DCE3EA !important;}\u00bb][vc_column width=\u00bb1\/2&#8243; woodmart_bg_position=\u00bbleft-center\u00bb css=\u00bb.vc_custom_1776183458371{padding-top: 250px !important;padding-bottom: 200px !important;background-image: url(https:\/\/gealsa.testmillennials.es\/wp-content\/uploads\/2026\/04\/2150164718.jpg?id=60) !important;background-position: center !important;background-repeat: no-repeat !important;background-size: cover !important;}\u00bb woodmart_css_id=\u00bb69de688e7524a\u00bb parallax_scroll=\u00bbno\u00bb woodmart_sticky_column=\u00bbfalse\u00bb wd_collapsible_content_switcher=\u00bbno\u00bb wd_column_role_offcanvas_desktop=\u00bbno\u00bb wd_column_role_offcanvas_tablet=\u00bbno\u00bb wd_column_role_offcanvas_mobile=\u00bbno\u00bb wd_column_role_content_desktop=\u00bbno\u00bb wd_column_role_content_tablet=\u00bbno\u00bb wd_column_role_content_mobile=\u00bbno\u00bb mobile_bg_img_hidden=\u00bbno\u00bb tablet_bg_img_hidden=\u00bbno\u00bb woodmart_parallax=\u00bb0&#8243; woodmart_box_shadow=\u00bbno\u00bb responsive_spacing=\u00bbeyJwYXJhbV90eXBlIjoid29vZG1hcnRfcmVzcG9uc2l2ZV9zcGFjaW5nIiwic2VsZWN0b3JfaWQiOiI2OWRlNjg4ZTc1MjRhIiwic2hvcnRjb2RlIjoidmNfY29sdW1uIiwiZGF0YSI6eyJ0YWJsZXQiOnt9LCJtb2JpbGUiOnt9fX0=\u00bb mobile_reset_margin=\u00bbno\u00bb tablet_reset_margin=\u00bbno\u00bb wd_z_index=\u00bbno\u00bb][\/vc_column][vc_column width=\u00bb1\/2&#8243; css=\u00bb.vc_custom_1776181473652{padding-top: 90px !important;padding-right: 60px !important;padding-bottom: 70px !important;padding-left: 60px !important;}\u00bb woodmart_css_id=\u00bb69de60db1bfc1&#8243; parallax_scroll=\u00bbno\u00bb woodmart_sticky_column=\u00bbfalse\u00bb wd_collapsible_content_switcher=\u00bbno\u00bb wd_column_role_offcanvas_desktop=\u00bbno\u00bb wd_column_role_offcanvas_tablet=\u00bbno\u00bb wd_column_role_offcanvas_mobile=\u00bbno\u00bb wd_column_role_content_desktop=\u00bbno\u00bb wd_column_role_content_tablet=\u00bbno\u00bb wd_column_role_content_mobile=\u00bbno\u00bb mobile_bg_img_hidden=\u00bbno\u00bb tablet_bg_img_hidden=\u00bbno\u00bb woodmart_parallax=\u00bb0&#8243; woodmart_box_shadow=\u00bbno\u00bb responsive_spacing=\u00bbeyJwYXJhbV90eXBlIjoid29vZG1hcnRfcmVzcG9uc2l2ZV9zcGFjaW5nIiwic2VsZWN0b3JfaWQiOiI2OWRlNjBkYjFiZmMxIiwic2hvcnRjb2RlIjoidmNfY29sdW1uIiwiZGF0YSI6eyJ0YWJsZXQiOnt9LCJtb2JpbGUiOnsicGFkZGluZy10b3AiOiI0MHB4IiwicGFkZGluZy1yaWdodCI6IjIwcHgiLCJwYWRkaW5nLWJvdHRvbSI6IjUwcHgiLCJwYWRkaW5nLWxlZnQiOiIyMHB4In19fQ==\u00bb mobile_reset_margin=\u00bbno\u00bb tablet_reset_margin=\u00bbno\u00bb wd_z_index=\u00bbno\u00bb]\n\t\t<div id=\"wd-69de66bfa47c3\" class=\"title-wrapper wd-wpb wd-set-mb reset-last-child  wd-rs-69de66bfa47c3 wd-title-color-default wd-title-style-default text-left vc_custom_1776182982346 wd-underline-colored\">\n\t\t\t\n\t\t\t<div class=\"liner-continer\">\n\t\t\t\t<h1 class=\"woodmart-title-container title  wd-font-weight- wd-fontsize-l\" >Gesti\u00f3n del Alquiler con Pago Garantizado<\/h1>\n\t\t\t\t\t\t\t<\/div>\n\t\t\t\n\t\t\t\t\t\t\t<div class=\"title-after_title reset-last-child  wd-fontsize-xs\">Servicio completo de gesti\u00f3n del alquiler con garant\u00eda de ingresos mensuales, evitando riesgos por impagos o incidencias.<br \/>\nAdministramos tu vivienda de principio a fin para que obtengas la m\u00e1xima rentabilidad con total tranquilidad.<\/div>\n\t\t\t\n\t\t\t\n\t\t<\/div>\n\t\t\n\t\t[vc_empty_space height=\u00bb5px\u00bb woodmart_hide_large=\u00bb0&#8243; woodmart_hide_medium=\u00bb0&#8243; woodmart_hide_small=\u00bb0&#8243;]<div id=\"wd-69df5c7c92350\" class=\" wd-rs-69df5c7c92350  wd-button-wrapper text-left\"><a href=\"https:\/\/gealsa.testmillennials.es\/?page_id=107\" title=\"\" class=\"btn btn-color-black btn-style-bordered btn-shape-round btn-size-default\">Contactar<\/a><\/div>[\/vc_column][\/vc_row][vc_row full_width=\u00bbstretch_row\u00bb content_placement=\u00bbmiddle\u00bb woodmart_bg_position=\u00bbcenter-top\u00bb row_reverse_mobile=\u00bb1&#8243; woodmart_disable_overflow=\u00bb1&#8243; css=\u00bb.vc_custom_1776182802095{margin-top: 100px !important;margin-bottom: 35px !important;background-position: 0 0 !important;background-repeat: no-repeat !important;}\u00bb woodmart_css_id=\u00bb69de660c7a887&#8243; responsive_spacing=\u00bbeyJwYXJhbV90eXBlIjoid29vZG1hcnRfcmVzcG9uc2l2ZV9zcGFjaW5nIiwic2VsZWN0b3JfaWQiOiI2OWRlNjYwYzdhODg3Iiwic2hvcnRjb2RlIjoidmNfcm93IiwiZGF0YSI6eyJ0YWJsZXQiOnt9LCJtb2JpbGUiOnsibWFyZ2luLWJvdHRvbSI6IjIwcHgifX19&#8243; mobile_bg_img_hidden=\u00bbno\u00bb tablet_bg_img_hidden=\u00bbno\u00bb woodmart_parallax=\u00bb0&#8243; woodmart_gradient_switch=\u00bbno\u00bb row_reverse_tablet=\u00bb0&#8243; wd_z_index=\u00bbno\u00bb woodmart_box_shadow=\u00bbno\u00bb][vc_column width=\u00bb1\/2&#8243; css=\u00bb.vc_custom_1776182765661{margin-right: -80px !important;margin-bottom: 40px !important;margin-left: 15px !important;padding-top: 35px !important;padding-right: 50px !important;padding-bottom: 20px !important;padding-left: 50px !important;background-color: #DCE3EA !important;border-radius: 15px !important;}\u00bb offset=\u00bbvc_col-md-6&#8243; woodmart_css_id=\u00bb69de65e6aa0b1&#8243; responsive_spacing=\u00bbeyJwYXJhbV90eXBlIjoid29vZG1hcnRfcmVzcG9uc2l2ZV9zcGFjaW5nIiwic2VsZWN0b3JfaWQiOiI2OWRlNjVlNmFhMGIxIiwic2hvcnRjb2RlIjoidmNfY29sdW1uIiwiZGF0YSI6eyJ0YWJsZXQiOnt9LCJtb2JpbGUiOnsibWFyZ2luLXRvcCI6Ii00MHB4IiwibWFyZ2luLXJpZ2h0IjoiMTRweCIsIm1hcmdpbi1sZWZ0IjoiMTRweCIsInBhZGRpbmctcmlnaHQiOiIzMHB4IiwicGFkZGluZy1sZWZ0IjoiMzBweCJ9fX0=\u00bb parallax_scroll=\u00bbno\u00bb mobile_bg_img_hidden=\u00bbno\u00bb tablet_bg_img_hidden=\u00bbno\u00bb woodmart_parallax=\u00bb0&#8243; woodmart_sticky_column=\u00bbfalse\u00bb mobile_reset_margin=\u00bbyes\u00bb tablet_reset_margin=\u00bbno\u00bb wd_z_index=\u00bbyes\u00bb wd_collapsible_content_switcher=\u00bbno\u00bb wd_column_role_offcanvas_desktop=\u00bbno\u00bb wd_column_role_offcanvas_tablet=\u00bbno\u00bb wd_column_role_offcanvas_mobile=\u00bbno\u00bb wd_column_role_content_desktop=\u00bbno\u00bb wd_column_role_content_tablet=\u00bbno\u00bb wd_column_role_content_mobile=\u00bbno\u00bb woodmart_box_shadow=\u00bbno\u00bb wd_z_index_custom=\u00bbeyJkZXZpY2VzIjp7ImRlc2t0b3AiOnsidmFsdWUiOiIzNSJ9fX0=\u00bb]\n\t\t<div id=\"wd-69de640c4cfcc\" class=\"title-wrapper wd-wpb wd-set-mb reset-last-child  wd-rs-69de640c4cfcc wd-title-color-default wd-title-style-default text-left vc_custom_1776182327061 wd-underline-colored\">\n\t\t\t\n\t\t\t<div class=\"liner-continer\">\n\t\t\t\t<h4 class=\"woodmart-title-container title  wd-font-weight- wd-fontsize-l\" >Garant\u00edas para el propietario<\/h4>\n\t\t\t\t\t\t\t<\/div>\n\t\t\t\n\t\t\t\n\t\t\t\n\t\t<\/div>\n\t\t\n\t\t\t\t<div id=\"wd-69de663c74036\" class=\"wd-text-block wd-wpb reset-last-child wd-rs-69de663c74036 text-left vc_custom_1776182853598\">\n\t\t\t<ul>\n<li>Garantizamos el pago de las rentas al propietario, dentro de los 5 primeros d\u00edas de cada mes, realizando GEALSA la gesti\u00f3n de cobro a los inquilinos.<\/li>\n<li>Aseguramos da\u00f1os por vandalismo (hasta 5.000 \u20ac)<\/li>\n<li>Asistencia jur\u00eddica, en proceso de desahucio, y reclamaciones a terceros, totalmente gratuita.<\/li>\n<li>Abono de una mensualidad tras desahucio, con la firma de un nuevo contrato de arrendamiento, y emisi\u00f3n de la correspondiente p\u00f3liza de impago.<\/li>\n<\/ul>\n\t\t<\/div>\n\t\t[\/vc_column][vc_column width=\u00bb1\/2&#8243; css=\u00bb.vc_custom_1699136703264{margin-bottom: 30px !important;padding-top: 0px !important;}\u00bb offset=\u00bbvc_col-md-6&#8243; woodmart_css_id=\u00bb6546c4afa5f31&#8243; responsive_spacing=\u00bbeyJwYXJhbV90eXBlIjoid29vZG1hcnRfcmVzcG9uc2l2ZV9zcGFjaW5nIiwic2VsZWN0b3JfaWQiOiI2NTQ2YzRhZmE1ZjMxIiwic2hvcnRjb2RlIjoidmNfY29sdW1uIiwiZGF0YSI6eyJ0YWJsZXQiOnt9LCJtb2JpbGUiOnt9fX0=\u00bb parallax_scroll=\u00bbno\u00bb mobile_bg_img_hidden=\u00bbno\u00bb tablet_bg_img_hidden=\u00bbno\u00bb woodmart_parallax=\u00bb0&#8243; woodmart_sticky_column=\u00bbfalse\u00bb mobile_reset_margin=\u00bbno\u00bb tablet_reset_margin=\u00bbno\u00bb wd_collapsible_content_switcher=\u00bbno\u00bb wd_column_role_offcanvas_desktop=\u00bbno\u00bb wd_column_role_offcanvas_tablet=\u00bbno\u00bb wd_column_role_offcanvas_mobile=\u00bbno\u00bb wd_column_role_content_desktop=\u00bbno\u00bb wd_column_role_content_tablet=\u00bbno\u00bb wd_column_role_content_mobile=\u00bbno\u00bb woodmart_box_shadow=\u00bbno\u00bb wd_z_index=\u00bbno\u00bb][vc_single_image image=\u00bb72&#8243; img_size=\u00bbfull\u00bb css=\u00bb\u00bb wd_animation=\u00bbslide-from-bottom\u00bb parallax_scroll=\u00bbno\u00bb woodmart_inline=\u00bbno\u00bb][\/vc_column][\/vc_row][vc_row full_width=\u00bbstretch_row\u00bb content_placement=\u00bbmiddle\u00bb woodmart_bg_position=\u00bbcenter-top\u00bb row_reverse_mobile=\u00bb0&#8243; woodmart_disable_overflow=\u00bb1&#8243; css=\u00bb.vc_custom_1776184922580{margin-top: 50px !important;margin-bottom: 35px !important;background-image: url(https:\/\/www.audiocora.com\/wp-content\/uploads\/2023\/11\/jewellery-vertical-line-leftt-brown-bg.png?id=) !important;background-position: 0 0 !important;background-repeat: no-repeat !important;}\u00bb woodmart_css_id=\u00bb69de6e54789cf\u00bb responsive_spacing=\u00bbeyJwYXJhbV90eXBlIjoid29vZG1hcnRfcmVzcG9uc2l2ZV9zcGFjaW5nIiwic2VsZWN0b3JfaWQiOiI2OWRlNmU1NDc4OWNmIiwic2hvcnRjb2RlIjoidmNfcm93IiwiZGF0YSI6eyJ0YWJsZXQiOnt9LCJtb2JpbGUiOnsibWFyZ2luLWJvdHRvbSI6IjIwcHgifX19&#8243; mobile_bg_img_hidden=\u00bbno\u00bb tablet_bg_img_hidden=\u00bbno\u00bb woodmart_parallax=\u00bb0&#8243; woodmart_gradient_switch=\u00bbno\u00bb row_reverse_tablet=\u00bb0&#8243; wd_z_index=\u00bbno\u00bb woodmart_box_shadow=\u00bbno\u00bb][vc_column width=\u00bb1\/2&#8243; css=\u00bb.vc_custom_1699136703264{margin-bottom: 30px !important;padding-top: 0px !important;}\u00bb offset=\u00bbvc_col-md-6&#8243; woodmart_css_id=\u00bb6546c4afa5f31&#8243; responsive_spacing=\u00bbeyJwYXJhbV90eXBlIjoid29vZG1hcnRfcmVzcG9uc2l2ZV9zcGFjaW5nIiwic2VsZWN0b3JfaWQiOiI2NTQ2YzRhZmE1ZjMxIiwic2hvcnRjb2RlIjoidmNfY29sdW1uIiwiZGF0YSI6eyJ0YWJsZXQiOnt9LCJtb2JpbGUiOnt9fX0=\u00bb parallax_scroll=\u00bbno\u00bb mobile_bg_img_hidden=\u00bbno\u00bb tablet_bg_img_hidden=\u00bbno\u00bb woodmart_parallax=\u00bb0&#8243; woodmart_sticky_column=\u00bbfalse\u00bb mobile_reset_margin=\u00bbno\u00bb tablet_reset_margin=\u00bbno\u00bb wd_collapsible_content_switcher=\u00bbno\u00bb wd_column_role_offcanvas_desktop=\u00bbno\u00bb wd_column_role_offcanvas_tablet=\u00bbno\u00bb wd_column_role_offcanvas_mobile=\u00bbno\u00bb wd_column_role_content_desktop=\u00bbno\u00bb wd_column_role_content_tablet=\u00bbno\u00bb wd_column_role_content_mobile=\u00bbno\u00bb woodmart_box_shadow=\u00bbno\u00bb wd_z_index=\u00bbno\u00bb][vc_single_image image=\u00bb73&#8243; img_size=\u00bbfull\u00bb css=\u00bb\u00bb wd_animation=\u00bbslide-from-bottom\u00bb parallax_scroll=\u00bbno\u00bb woodmart_inline=\u00bbno\u00bb][\/vc_column][vc_column width=\u00bb1\/2&#8243; css=\u00bb.vc_custom_1776182774183{margin-right: 15px !important;margin-bottom: 40px !important;margin-left: -80px !important;padding-top: 35px !important;padding-right: 50px !important;padding-bottom: 20px !important;padding-left: 50px !important;background-color: #DCE3EA !important;border-radius: 15px !important;}\u00bb offset=\u00bbvc_col-md-6&#8243; woodmart_css_id=\u00bb69de65ef897d8&#8243; responsive_spacing=\u00bbeyJwYXJhbV90eXBlIjoid29vZG1hcnRfcmVzcG9uc2l2ZV9zcGFjaW5nIiwic2VsZWN0b3JfaWQiOiI2OWRlNjVlZjg5N2Q4Iiwic2hvcnRjb2RlIjoidmNfY29sdW1uIiwiZGF0YSI6eyJ0YWJsZXQiOnt9LCJtb2JpbGUiOnsibWFyZ2luLXRvcCI6Ii00MHB4IiwibWFyZ2luLXJpZ2h0IjoiMTRweCIsIm1hcmdpbi1sZWZ0IjoiMTRweCIsInBhZGRpbmctcmlnaHQiOiIzMHB4IiwicGFkZGluZy1sZWZ0IjoiMzBweCJ9fX0=\u00bb parallax_scroll=\u00bbno\u00bb mobile_bg_img_hidden=\u00bbno\u00bb tablet_bg_img_hidden=\u00bbno\u00bb woodmart_parallax=\u00bb0&#8243; woodmart_sticky_column=\u00bbfalse\u00bb mobile_reset_margin=\u00bbyes\u00bb tablet_reset_margin=\u00bbno\u00bb wd_z_index=\u00bbyes\u00bb wd_collapsible_content_switcher=\u00bbno\u00bb wd_column_role_offcanvas_desktop=\u00bbno\u00bb wd_column_role_offcanvas_tablet=\u00bbno\u00bb wd_column_role_offcanvas_mobile=\u00bbno\u00bb wd_column_role_content_desktop=\u00bbno\u00bb wd_column_role_content_tablet=\u00bbno\u00bb wd_column_role_content_mobile=\u00bbno\u00bb woodmart_box_shadow=\u00bbno\u00bb wd_z_index_custom=\u00bbeyJkZXZpY2VzIjp7ImRlc2t0b3AiOnsidmFsdWUiOiIzNSJ9fX0=\u00bb]\n\t\t<div id=\"wd-69de65349c8cf\" class=\"title-wrapper wd-wpb wd-set-mb reset-last-child  wd-rs-69de65349c8cf wd-title-color-default wd-title-style-default text-left vc_custom_1776182586773 wd-underline-colored\">\n\t\t\t\n\t\t\t<div class=\"liner-continer\">\n\t\t\t\t<h2 class=\"woodmart-title-container title  wd-font-weight- wd-fontsize-l\" >Servicios puesta en mercado y tr\u00e1mites iniciales<\/h2>\n\t\t\t\t\t\t\t<\/div>\n\t\t\t\n\t\t\t\n\t\t\t\n\t\t<\/div>\n\t\t\n\t\t\t\t<div id=\"wd-69de664784cfb\" class=\"wd-text-block wd-wpb reset-last-child wd-rs-69de664784cfb text-left vc_custom_1776182882614\">\n\t\t\t<ul>\n<li>Asesoramiento para posicionar la vivienda en mercado (perfil inquilinos, renta mensual, garant\u00edas solicitadas, ..). Informamos puntualmente al propietario sobre el inter\u00e9s en su vivienda, y si procede revisar las condiciones inicialmente propuestas.<\/li>\n<li>Estudio de la situaci\u00f3n econ\u00f3mico-laboral de los inquilinos, y traslado al propietario de las propuestas que est\u00e9n est\u00e9n dentro del perfil acordado. El propietario decidir\u00e1 libremente sobre las propuesta.<\/li>\n<li>Preparaci\u00f3n de contratos de arrendamiento, coordinaci\u00f3n acto de la firma y entrega de llaves. No es necesaria la presencia f\u00edsica de los propietarios<\/li>\n<li>Gesti\u00f3n de contrataci\u00f3n seguros (de Hogar e Impago).<\/li>\n<li>Posibilidad de alquiler con opci\u00f3n a compra.<\/li>\n<li>Posibilidad de articular el contrato reflejando subidas de precio por encima del IPC.<\/li>\n<\/ul>\n\t\t<\/div>\n\t\t[\/vc_column][\/vc_row]<\/p>\n<\/div>","protected":false},"excerpt":{"rendered":"<p>[vc_row full_width=\u00bbstretch_row_content_no_spaces\u00bb equal_height=\u00bbyes\u00bb content_placement=\u00bbmiddle\u00bb woodmart_css_id=\u00bb69de65d577ba3&#8243; responsive_spacing=\u00bbeyJwYXJhbV90eXBlIjoid29vZG1hcnRfcmVzcG9uc2l2ZV9zcGFjaW5nIiwic2VsZWN0b3JfaWQiOiI2OWRlNjVkNTc3YmEzIiwic2hvcnRjb2RlIjoidmNfcm93IiwiZGF0YSI6eyJ0YWJsZXQiOnsibWFyZ2luLXRvcCI6Ii03MHB4In0sIm1vYmlsZSI6e319fQ==\u00bb mobile_bg_img_hidden=\u00bbno\u00bb tablet_bg_img_hidden=\u00bbno\u00bb woodmart_parallax=\u00bb0&#8243; woodmart_gradient_switch=\u00bbno\u00bb woodmart_box_shadow=\u00bbno\u00bb wd_z_index=\u00bbno\u00bb woodmart_disable_overflow=\u00bb0&#8243; row_reverse_mobile=\u00bb0&#8243; row_reverse_tablet=\u00bb0&#8243; css=\u00bb.vc_custom_1776182756063{margin-top: -50px !important;background-color: #DCE3EA !important;}\u00bb][vc_column<\/p>\n","protected":false},"author":1,"featured_media":0,"parent":0,"menu_order":0,"comment_status":"closed","ping_status":"closed","template":"","meta":{"footnotes":""},"class_list":["post-50","page","type-page","status-publish","hentry"],"yoast_head":"<!-- This site is optimized with the Yoast SEO plugin v27.4 - https:\/\/yoast.com\/product\/yoast-seo-wordpress\/ -->\n<title>Gesti\u00f3n con Pago Garantizado - Gealsa<\/title>\n<meta name=\"robots\" content=\"index, follow, max-snippet:-1, max-image-preview:large, max-video-preview:-1\" \/>\n<link rel=\"canonical\" href=\"https:\/\/gealsa.testmillennials.es\/?page_id=50\" \/>\n<meta property=\"og:locale\" content=\"es_ES\" \/>\n<meta property=\"og:type\" content=\"article\" \/>\n<meta property=\"og:title\" content=\"Gesti\u00f3n con Pago Garantizado - Gealsa\" \/>\n<meta property=\"og:description\" content=\"[vc_row full_width=\u00bbstretch_row_content_no_spaces\u00bb equal_height=\u00bbyes\u00bb content_placement=\u00bbmiddle\u00bb woodmart_css_id=\u00bb69de65d577ba3&#8243; responsive_spacing=\u00bbeyJwYXJhbV90eXBlIjoid29vZG1hcnRfcmVzcG9uc2l2ZV9zcGFjaW5nIiwic2VsZWN0b3JfaWQiOiI2OWRlNjVkNTc3YmEzIiwic2hvcnRjb2RlIjoidmNfcm93IiwiZGF0YSI6eyJ0YWJsZXQiOnsibWFyZ2luLXRvcCI6Ii03MHB4In0sIm1vYmlsZSI6e319fQ==\u00bb mobile_bg_img_hidden=\u00bbno\u00bb tablet_bg_img_hidden=\u00bbno\u00bb woodmart_parallax=\u00bb0&#8243; woodmart_gradient_switch=\u00bbno\u00bb woodmart_box_shadow=\u00bbno\u00bb wd_z_index=\u00bbno\u00bb woodmart_disable_overflow=\u00bb0&#8243; row_reverse_mobile=\u00bb0&#8243; row_reverse_tablet=\u00bb0&#8243; css=\u00bb.vc_custom_1776182756063{margin-top: -50px !important;background-color: #DCE3EA !important;}\u00bb][vc_column\" \/>\n<meta property=\"og:url\" content=\"https:\/\/gealsa.testmillennials.es\/?page_id=50\" \/>\n<meta property=\"og:site_name\" content=\"Gealsa\" \/>\n<meta property=\"article:modified_time\" content=\"2026-04-21T08:41:36+00:00\" \/>\n<meta name=\"twitter:card\" content=\"summary_large_image\" \/>\n<meta name=\"twitter:label1\" content=\"Tiempo de lectura\" \/>\n\t<meta name=\"twitter:data1\" content=\"3 minutos\" \/>\n<script type=\"application\/ld+json\" class=\"yoast-schema-graph\">{\"@context\":\"https:\\\/\\\/schema.org\",\"@graph\":[{\"@type\":\"WebPage\",\"@id\":\"https:\\\/\\\/gealsa.testmillennials.es\\\/?page_id=50\",\"url\":\"https:\\\/\\\/gealsa.testmillennials.es\\\/?page_id=50\",\"name\":\"Gesti\u00f3n con Pago Garantizado - Gealsa\",\"isPartOf\":{\"@id\":\"https:\\\/\\\/gealsa.testmillennials.es\\\/#website\"},\"datePublished\":\"2026-04-14T16:03:10+00:00\",\"dateModified\":\"2026-04-21T08:41:36+00:00\",\"breadcrumb\":{\"@id\":\"https:\\\/\\\/gealsa.testmillennials.es\\\/?page_id=50#breadcrumb\"},\"inLanguage\":\"es\",\"potentialAction\":[{\"@type\":\"ReadAction\",\"target\":[\"https:\\\/\\\/gealsa.testmillennials.es\\\/?page_id=50\"]}]},{\"@type\":\"BreadcrumbList\",\"@id\":\"https:\\\/\\\/gealsa.testmillennials.es\\\/?page_id=50#breadcrumb\",\"itemListElement\":[{\"@type\":\"ListItem\",\"position\":1,\"name\":\"Portada\",\"item\":\"https:\\\/\\\/gealsa.testmillennials.es\\\/\"},{\"@type\":\"ListItem\",\"position\":2,\"name\":\"Gesti\u00f3n con Pago Garantizado\"}]},{\"@type\":\"WebSite\",\"@id\":\"https:\\\/\\\/gealsa.testmillennials.es\\\/#website\",\"url\":\"https:\\\/\\\/gealsa.testmillennials.es\\\/\",\"name\":\"Gealsa\",\"description\":\"\",\"potentialAction\":[{\"@type\":\"SearchAction\",\"target\":{\"@type\":\"EntryPoint\",\"urlTemplate\":\"https:\\\/\\\/gealsa.testmillennials.es\\\/?s={search_term_string}\"},\"query-input\":{\"@type\":\"PropertyValueSpecification\",\"valueRequired\":true,\"valueName\":\"search_term_string\"}}],\"inLanguage\":\"es\"}]}<\/script>\n<!-- \/ Yoast SEO plugin. -->","yoast_head_json":{"title":"Gesti\u00f3n con Pago Garantizado - Gealsa","robots":{"index":"index","follow":"follow","max-snippet":"max-snippet:-1","max-image-preview":"max-image-preview:large","max-video-preview":"max-video-preview:-1"},"canonical":"https:\/\/gealsa.testmillennials.es\/?page_id=50","og_locale":"es_ES","og_type":"article","og_title":"Gesti\u00f3n con Pago Garantizado - Gealsa","og_description":"[vc_row full_width=\u00bbstretch_row_content_no_spaces\u00bb equal_height=\u00bbyes\u00bb content_placement=\u00bbmiddle\u00bb woodmart_css_id=\u00bb69de65d577ba3&#8243; responsive_spacing=\u00bbeyJwYXJhbV90eXBlIjoid29vZG1hcnRfcmVzcG9uc2l2ZV9zcGFjaW5nIiwic2VsZWN0b3JfaWQiOiI2OWRlNjVkNTc3YmEzIiwic2hvcnRjb2RlIjoidmNfcm93IiwiZGF0YSI6eyJ0YWJsZXQiOnsibWFyZ2luLXRvcCI6Ii03MHB4In0sIm1vYmlsZSI6e319fQ==\u00bb mobile_bg_img_hidden=\u00bbno\u00bb tablet_bg_img_hidden=\u00bbno\u00bb woodmart_parallax=\u00bb0&#8243; woodmart_gradient_switch=\u00bbno\u00bb woodmart_box_shadow=\u00bbno\u00bb wd_z_index=\u00bbno\u00bb woodmart_disable_overflow=\u00bb0&#8243; row_reverse_mobile=\u00bb0&#8243; row_reverse_tablet=\u00bb0&#8243; css=\u00bb.vc_custom_1776182756063{margin-top: -50px !important;background-color: #DCE3EA !important;}\u00bb][vc_column","og_url":"https:\/\/gealsa.testmillennials.es\/?page_id=50","og_site_name":"Gealsa","article_modified_time":"2026-04-21T08:41:36+00:00","twitter_card":"summary_large_image","twitter_misc":{"Tiempo de lectura":"3 minutos"},"schema":{"@context":"https:\/\/schema.org","@graph":[{"@type":"WebPage","@id":"https:\/\/gealsa.testmillennials.es\/?page_id=50","url":"https:\/\/gealsa.testmillennials.es\/?page_id=50","name":"Gesti\u00f3n con Pago Garantizado - Gealsa","isPartOf":{"@id":"https:\/\/gealsa.testmillennials.es\/#website"},"datePublished":"2026-04-14T16:03:10+00:00","dateModified":"2026-04-21T08:41:36+00:00","breadcrumb":{"@id":"https:\/\/gealsa.testmillennials.es\/?page_id=50#breadcrumb"},"inLanguage":"es","potentialAction":[{"@type":"ReadAction","target":["https:\/\/gealsa.testmillennials.es\/?page_id=50"]}]},{"@type":"BreadcrumbList","@id":"https:\/\/gealsa.testmillennials.es\/?page_id=50#breadcrumb","itemListElement":[{"@type":"ListItem","position":1,"name":"Portada","item":"https:\/\/gealsa.testmillennials.es\/"},{"@type":"ListItem","position":2,"name":"Gesti\u00f3n con Pago Garantizado"}]},{"@type":"WebSite","@id":"https:\/\/gealsa.testmillennials.es\/#website","url":"https:\/\/gealsa.testmillennials.es\/","name":"Gealsa","description":"","potentialAction":[{"@type":"SearchAction","target":{"@type":"EntryPoint","urlTemplate":"https:\/\/gealsa.testmillennials.es\/?s={search_term_string}"},"query-input":{"@type":"PropertyValueSpecification","valueRequired":true,"valueName":"search_term_string"}}],"inLanguage":"es"}]}},"_links":{"self":[{"href":"https:\/\/gealsa.testmillennials.es\/index.php?rest_route=\/wp\/v2\/pages\/50","targetHints":{"allow":["GET"]}}],"collection":[{"href":"https:\/\/gealsa.testmillennials.es\/index.php?rest_route=\/wp\/v2\/pages"}],"about":[{"href":"https:\/\/gealsa.testmillennials.es\/index.php?rest_route=\/wp\/v2\/types\/page"}],"author":[{"embeddable":true,"href":"https:\/\/gealsa.testmillennials.es\/index.php?rest_route=\/wp\/v2\/users\/1"}],"replies":[{"embeddable":true,"href":"https:\/\/gealsa.testmillennials.es\/index.php?rest_route=%2Fwp%2Fv2%2Fcomments&post=50"}],"version-history":[{"count":8,"href":"https:\/\/gealsa.testmillennials.es\/index.php?rest_route=\/wp\/v2\/pages\/50\/revisions"}],"predecessor-version":[{"id":171,"href":"https:\/\/gealsa.testmillennials.es\/index.php?rest_route=\/wp\/v2\/pages\/50\/revisions\/171"}],"wp:attachment":[{"href":"https:\/\/gealsa.testmillennials.es\/index.php?rest_route=%2Fwp%2Fv2%2Fmedia&parent=50"}],"curies":[{"name":"wp","href":"https:\/\/api.w.org\/{rel}","templated":true}]}}