{"id":18,"date":"2026-04-08T10:57:30","date_gmt":"2026-04-08T10:57:30","guid":{"rendered":"https:\/\/gealsa.testmillennials.es\/?page_id=18"},"modified":"2026-04-21T08:51:36","modified_gmt":"2026-04-21T08:51:36","slug":"quienes-somos","status":"publish","type":"page","link":"https:\/\/gealsa.testmillennials.es\/?page_id=18","title":{"rendered":"Qui\u00e9nes somos"},"content":{"rendered":"<div class=\"wpb-content-wrapper\"><p>[vc_row full_width=\u00bbstretch_row_content\u00bb woodmart_bg_position=\u00bbcenter-center\u00bb css=\u00bb.vc_custom_1776186858097{margin-top: -60px !important;padding-top: 40% !important;background-image: url(https:\/\/gealsa.testmillennials.es\/wp-content\/uploads\/2026\/04\/97129.jpg?id=105) !important;background-position: center !important;background-repeat: no-repeat !important;background-size: cover !important;}\u00bb woodmart_css_id=\u00bb69de75d8d95fb\u00bb responsive_spacing=\u00bbeyJwYXJhbV90eXBlIjoid29vZG1hcnRfcmVzcG9uc2l2ZV9zcGFjaW5nIiwic2VsZWN0b3JfaWQiOiI2OWRlNzVkOGQ5NWZiIiwic2hvcnRjb2RlIjoidmNfcm93IiwiZGF0YSI6eyJ0YWJsZXQiOnt9LCJtb2JpbGUiOnsicGFkZGluZy10b3AiOiIzNzVweCJ9fX0=\u00bb mobile_bg_img_hidden=\u00bbno\u00bb tablet_bg_img_hidden=\u00bbno\u00bb woodmart_parallax=\u00bb0&#8243; woodmart_gradient_switch=\u00bbno\u00bb woodmart_box_shadow=\u00bbno\u00bb wd_z_index=\u00bbno\u00bb woodmart_disable_overflow=\u00bb0&#8243; row_reverse_mobile=\u00bb0&#8243; row_reverse_tablet=\u00bb0&#8243;][vc_column woodmart_text_align=\u00bbcenter\u00bb woodmart_css_id=\u00bb635ef5a6c3388&#8243; parallax_scroll=\u00bbno\u00bb woodmart_sticky_column=\u00bbfalse\u00bb wd_collapsible_content_switcher=\u00bbno\u00bb wd_column_role_offcanvas_desktop=\u00bbno\u00bb wd_column_role_offcanvas_tablet=\u00bbno\u00bb wd_column_role_offcanvas_mobile=\u00bbno\u00bb wd_column_role_content_desktop=\u00bbno\u00bb wd_column_role_content_tablet=\u00bbno\u00bb wd_column_role_content_mobile=\u00bbno\u00bb mobile_bg_img_hidden=\u00bbno\u00bb tablet_bg_img_hidden=\u00bbno\u00bb woodmart_parallax=\u00bb0&#8243; woodmart_box_shadow=\u00bbno\u00bb responsive_spacing=\u00bbeyJwYXJhbV90eXBlIjoid29vZG1hcnRfcmVzcG9uc2l2ZV9zcGFjaW5nIiwic2VsZWN0b3JfaWQiOiI2MzVlZjVhNmMzMzg4Iiwic2hvcnRjb2RlIjoidmNfY29sdW1uIiwiZGF0YSI6eyJ0YWJsZXQiOnt9LCJtb2JpbGUiOnt9fX0=\u00bb mobile_reset_margin=\u00bbno\u00bb tablet_reset_margin=\u00bbno\u00bb wd_z_index=\u00bbno\u00bb][\/vc_column][\/vc_row][vc_row css=\u00bb.vc_custom_1765543738814{margin-bottom: 65px !important;}\u00bb woodmart_css_id=\u00bb693c0f356dceb\u00bb responsive_spacing=\u00bbeyJwYXJhbV90eXBlIjoid29vZG1hcnRfcmVzcG9uc2l2ZV9zcGFjaW5nIiwic2VsZWN0b3JfaWQiOiI2OTNjMGYzNTZkY2ViIiwic2hvcnRjb2RlIjoidmNfcm93IiwiZGF0YSI6eyJ0YWJsZXQiOnt9LCJtb2JpbGUiOnt9fX0=\u00bb mobile_bg_img_hidden=\u00bbno\u00bb tablet_bg_img_hidden=\u00bbno\u00bb woodmart_parallax=\u00bb0&#8243; woodmart_gradient_switch=\u00bbno\u00bb woodmart_box_shadow=\u00bbno\u00bb wd_z_index=\u00bbno\u00bb woodmart_disable_overflow=\u00bb0&#8243; row_reverse_mobile=\u00bb0&#8243; row_reverse_tablet=\u00bb0&#8243;][vc_column]\n\t\t<div id=\"wd-69d63429388a7\" class=\"title-wrapper wd-wpb wd-set-mb reset-last-child  wd-rs-69d63429388a7 wd-title-color-black wd-title-style-default text-center  wd-width-enabled\" style=\"--wd-max-width: 80%;\">\n\t\t\t\n\t\t\t<div class=\"liner-continer\">\n\t\t\t\t<h1 class=\"woodmart-title-container title  wd-font-weight-800 wd-fontsize-xxl\" >Qui\u00e9nes Somos<\/h1>\n\t\t\t\t\t\t\t<\/div>\n\t\t\t\n\t\t\t\n\t\t\t\n\t\t<\/div>\n\t\t\n\t\t\t\t<div id=\"wd-69e73a786aaf6\" class=\"wd-text-block wd-wpb reset-last-child wd-rs-69e73a786aaf6 text-center wd-width-enabled wd-font-weight-400 \" style=\"--wd-max-width: 70%;\">\n\t\t\t<p class=\"font_9 wixui-rich-text__text\">GEALSA empieza su actividad en 2007 como delegados para la provincia de Alicante de la extinta Sociedad P\u00fablica del Alquiler (SPA). Esta sociedad fue un instrumento creado por el Ministerio de Vivienda para dinamizar y profesionalizar el mercado del arrendamiento, \u00a0y garantizar al propietario la gesti\u00f3n integral del alquiler.<\/p>\n<p class=\"font_9 wixui-rich-text__text\">Desde el a\u00f1o 2011 GEALSA ya facilita al propietario todos los servicios de forma independiente a la SPA, ofreciendo una\u00a0<span class=\"wixui-rich-text__text\">gesti\u00f3n integral del alquiler<\/span>\u00a0con alto valor a\u00f1adido sobre la base de la experiencia acumulada durante todos estos a\u00f1os.<\/p>\n<p class=\"font_9 wixui-rich-text__text\">En la actualidad gestionamos una cartera de alrededor de 100 inmuebles distribuidos por toda la provincia de Alicante, \u00a0con un ratio de desahucios inferior al 1 % anual y sin p\u00e9rdidas econ\u00f3micas para los propietario en cualquier caso ( rentas, suministros y desperfectos en vivienda).<\/p>\n<p class=\"font_9 wixui-rich-text__text\">Existen 2 factores que explican este resultado y que son nuestro principal valor a\u00f1adido frente a otros operadores. \u00a0En primer lugar un proceso de\u00a0<span class=\"wixui-rich-text__text\">selecci\u00f3n basada en el perfil del interesado<\/span>, as\u00ed como las\u00a0<span class=\"wixui-rich-text__text\">condiciones planteadas para garantizar el pago<\/span>. En segundo lugar la\u00a0<span class=\"wixui-rich-text__text\">gesti\u00f3n de las relaciones con el inquilino<\/span>\u00a0durante toda la duraci\u00f3n del contrato, que est\u00e1 enfocada a la resoluci\u00f3n amistosa de cualquier incidencia, siempre y cuando este tipo de gesti\u00f3n beneficie al propietario.<\/p>\n<p class=\"font_9 wixui-rich-text__text\"><span class=\"wixGuard wixui-rich-text__text\">\u200b<\/span>Nuestro propietario tipo es el peque\u00f1o tenedor (hasta 10 viviendas), para el que tenemos 3 clases de servicios que proporcionan la mejor atenci\u00f3n del mercado. \u00a0Para grandes tenedores facilitamos un servicio ad hoc exclusivo ajustado a sus necesidades.<\/p>\n<p>En el a\u00f1o 2.022 dimos un paso m\u00e1s en nuestra orientaci\u00f3n a los Clientes, consistente en la b\u00fasqueda de Activos Inmobiliarios seg\u00fan el perfil de compra del Inversor, asesor\u00e1ndoles en todo el proceso de adquisici\u00f3n del Activo, acondicionamiento para ponerlo en valor tanto para su venta como para el arrendamiento, y gesti\u00f3n de la opci\u00f3n elegida hasta la finalizaci\u00f3n y retorno de la inversi\u00f3n.<\/p>\n\t\t<\/div>\n\t\t<div id=\"wd-69df5c204bf7d\" class=\" wd-rs-69df5c204bf7d vc_custom_1776245809869 wd-button-wrapper text-center\"><a href=\"https:\/\/gealsa.testmillennials.es\/?page_id=107\" title=\"CONTACTO\" style=\"--btn-color:#fff;--btn-color-hover:#fff;\" class=\"btn btn-style-default btn-shape-round btn-size-default\">\u00a1CONTACTAR AHORA!<\/a><\/div>[\/vc_column][\/vc_row]<\/p>\n<\/div>","protected":false},"excerpt":{"rendered":"<p>[vc_row full_width=\u00bbstretch_row_content\u00bb woodmart_bg_position=\u00bbcenter-center\u00bb css=\u00bb.vc_custom_1776186858097{margin-top: -60px !important;padding-top: 40% !important;background-image: url(https:\/\/gealsa.testmillennials.es\/wp-content\/uploads\/2026\/04\/97129.jpg?id=105) !important;background-position: center !important;background-repeat: no-repeat !important;background-size: cover !important;}\u00bb woodmart_css_id=\u00bb69de75d8d95fb\u00bb responsive_spacing=\u00bbeyJwYXJhbV90eXBlIjoid29vZG1hcnRfcmVzcG9uc2l2ZV9zcGFjaW5nIiwic2VsZWN0b3JfaWQiOiI2OWRlNzVkOGQ5NWZiIiwic2hvcnRjb2RlIjoidmNfcm93IiwiZGF0YSI6eyJ0YWJsZXQiOnt9LCJtb2JpbGUiOnsicGFkZGluZy10b3AiOiIzNzVweCJ9fX0=\u00bb mobile_bg_img_hidden=\u00bbno\u00bb tablet_bg_img_hidden=\u00bbno\u00bb<\/p>\n","protected":false},"author":1,"featured_media":0,"parent":0,"menu_order":0,"comment_status":"closed","ping_status":"closed","template":"","meta":{"footnotes":""},"class_list":["post-18","page","type-page","status-publish","hentry"],"yoast_head":"<!-- This site is optimized with the Yoast SEO plugin v27.4 - https:\/\/yoast.com\/product\/yoast-seo-wordpress\/ -->\n<title>Qui\u00e9nes somos - Gealsa<\/title>\n<meta name=\"robots\" content=\"index, follow, max-snippet:-1, max-image-preview:large, max-video-preview:-1\" \/>\n<link rel=\"canonical\" href=\"https:\/\/gealsa.testmillennials.es\/?page_id=18\" \/>\n<meta property=\"og:locale\" content=\"es_ES\" \/>\n<meta property=\"og:type\" content=\"article\" \/>\n<meta property=\"og:title\" content=\"Qui\u00e9nes somos - Gealsa\" \/>\n<meta property=\"og:description\" content=\"[vc_row full_width=\u00bbstretch_row_content\u00bb woodmart_bg_position=\u00bbcenter-center\u00bb css=\u00bb.vc_custom_1776186858097{margin-top: -60px !important;padding-top: 40% !important;background-image: url(https:\/\/gealsa.testmillennials.es\/wp-content\/uploads\/2026\/04\/97129.jpg?id=105) !important;background-position: center !important;background-repeat: no-repeat !important;background-size: cover !important;}\u00bb woodmart_css_id=\u00bb69de75d8d95fb\u00bb responsive_spacing=\u00bbeyJwYXJhbV90eXBlIjoid29vZG1hcnRfcmVzcG9uc2l2ZV9zcGFjaW5nIiwic2VsZWN0b3JfaWQiOiI2OWRlNzVkOGQ5NWZiIiwic2hvcnRjb2RlIjoidmNfcm93IiwiZGF0YSI6eyJ0YWJsZXQiOnt9LCJtb2JpbGUiOnsicGFkZGluZy10b3AiOiIzNzVweCJ9fX0=\u00bb mobile_bg_img_hidden=\u00bbno\u00bb tablet_bg_img_hidden=\u00bbno\u00bb\" \/>\n<meta property=\"og:url\" content=\"https:\/\/gealsa.testmillennials.es\/?page_id=18\" \/>\n<meta property=\"og:site_name\" content=\"Gealsa\" \/>\n<meta property=\"article:modified_time\" content=\"2026-04-21T08:51:36+00:00\" \/>\n<meta name=\"twitter:card\" content=\"summary_large_image\" \/>\n<meta name=\"twitter:label1\" content=\"Tiempo de lectura\" \/>\n\t<meta name=\"twitter:data1\" content=\"2 minutos\" \/>\n<script type=\"application\/ld+json\" class=\"yoast-schema-graph\">{\"@context\":\"https:\\\/\\\/schema.org\",\"@graph\":[{\"@type\":\"WebPage\",\"@id\":\"https:\\\/\\\/gealsa.testmillennials.es\\\/?page_id=18\",\"url\":\"https:\\\/\\\/gealsa.testmillennials.es\\\/?page_id=18\",\"name\":\"Qui\u00e9nes somos - Gealsa\",\"isPartOf\":{\"@id\":\"https:\\\/\\\/gealsa.testmillennials.es\\\/#website\"},\"datePublished\":\"2026-04-08T10:57:30+00:00\",\"dateModified\":\"2026-04-21T08:51:36+00:00\",\"breadcrumb\":{\"@id\":\"https:\\\/\\\/gealsa.testmillennials.es\\\/?page_id=18#breadcrumb\"},\"inLanguage\":\"es\",\"potentialAction\":[{\"@type\":\"ReadAction\",\"target\":[\"https:\\\/\\\/gealsa.testmillennials.es\\\/?page_id=18\"]}]},{\"@type\":\"BreadcrumbList\",\"@id\":\"https:\\\/\\\/gealsa.testmillennials.es\\\/?page_id=18#breadcrumb\",\"itemListElement\":[{\"@type\":\"ListItem\",\"position\":1,\"name\":\"Portada\",\"item\":\"https:\\\/\\\/gealsa.testmillennials.es\\\/\"},{\"@type\":\"ListItem\",\"position\":2,\"name\":\"Qui\u00e9nes somos\"}]},{\"@type\":\"WebSite\",\"@id\":\"https:\\\/\\\/gealsa.testmillennials.es\\\/#website\",\"url\":\"https:\\\/\\\/gealsa.testmillennials.es\\\/\",\"name\":\"Gealsa\",\"description\":\"\",\"potentialAction\":[{\"@type\":\"SearchAction\",\"target\":{\"@type\":\"EntryPoint\",\"urlTemplate\":\"https:\\\/\\\/gealsa.testmillennials.es\\\/?s={search_term_string}\"},\"query-input\":{\"@type\":\"PropertyValueSpecification\",\"valueRequired\":true,\"valueName\":\"search_term_string\"}}],\"inLanguage\":\"es\"}]}<\/script>\n<!-- \/ Yoast SEO plugin. -->","yoast_head_json":{"title":"Qui\u00e9nes somos - Gealsa","robots":{"index":"index","follow":"follow","max-snippet":"max-snippet:-1","max-image-preview":"max-image-preview:large","max-video-preview":"max-video-preview:-1"},"canonical":"https:\/\/gealsa.testmillennials.es\/?page_id=18","og_locale":"es_ES","og_type":"article","og_title":"Qui\u00e9nes somos - Gealsa","og_description":"[vc_row full_width=\u00bbstretch_row_content\u00bb woodmart_bg_position=\u00bbcenter-center\u00bb css=\u00bb.vc_custom_1776186858097{margin-top: -60px !important;padding-top: 40% !important;background-image: url(https:\/\/gealsa.testmillennials.es\/wp-content\/uploads\/2026\/04\/97129.jpg?id=105) !important;background-position: center !important;background-repeat: no-repeat !important;background-size: cover !important;}\u00bb woodmart_css_id=\u00bb69de75d8d95fb\u00bb responsive_spacing=\u00bbeyJwYXJhbV90eXBlIjoid29vZG1hcnRfcmVzcG9uc2l2ZV9zcGFjaW5nIiwic2VsZWN0b3JfaWQiOiI2OWRlNzVkOGQ5NWZiIiwic2hvcnRjb2RlIjoidmNfcm93IiwiZGF0YSI6eyJ0YWJsZXQiOnt9LCJtb2JpbGUiOnsicGFkZGluZy10b3AiOiIzNzVweCJ9fX0=\u00bb mobile_bg_img_hidden=\u00bbno\u00bb tablet_bg_img_hidden=\u00bbno\u00bb","og_url":"https:\/\/gealsa.testmillennials.es\/?page_id=18","og_site_name":"Gealsa","article_modified_time":"2026-04-21T08:51:36+00:00","twitter_card":"summary_large_image","twitter_misc":{"Tiempo de lectura":"2 minutos"},"schema":{"@context":"https:\/\/schema.org","@graph":[{"@type":"WebPage","@id":"https:\/\/gealsa.testmillennials.es\/?page_id=18","url":"https:\/\/gealsa.testmillennials.es\/?page_id=18","name":"Qui\u00e9nes somos - Gealsa","isPartOf":{"@id":"https:\/\/gealsa.testmillennials.es\/#website"},"datePublished":"2026-04-08T10:57:30+00:00","dateModified":"2026-04-21T08:51:36+00:00","breadcrumb":{"@id":"https:\/\/gealsa.testmillennials.es\/?page_id=18#breadcrumb"},"inLanguage":"es","potentialAction":[{"@type":"ReadAction","target":["https:\/\/gealsa.testmillennials.es\/?page_id=18"]}]},{"@type":"BreadcrumbList","@id":"https:\/\/gealsa.testmillennials.es\/?page_id=18#breadcrumb","itemListElement":[{"@type":"ListItem","position":1,"name":"Portada","item":"https:\/\/gealsa.testmillennials.es\/"},{"@type":"ListItem","position":2,"name":"Qui\u00e9nes somos"}]},{"@type":"WebSite","@id":"https:\/\/gealsa.testmillennials.es\/#website","url":"https:\/\/gealsa.testmillennials.es\/","name":"Gealsa","description":"","potentialAction":[{"@type":"SearchAction","target":{"@type":"EntryPoint","urlTemplate":"https:\/\/gealsa.testmillennials.es\/?s={search_term_string}"},"query-input":{"@type":"PropertyValueSpecification","valueRequired":true,"valueName":"search_term_string"}}],"inLanguage":"es"}]}},"_links":{"self":[{"href":"https:\/\/gealsa.testmillennials.es\/index.php?rest_route=\/wp\/v2\/pages\/18","targetHints":{"allow":["GET"]}}],"collection":[{"href":"https:\/\/gealsa.testmillennials.es\/index.php?rest_route=\/wp\/v2\/pages"}],"about":[{"href":"https:\/\/gealsa.testmillennials.es\/index.php?rest_route=\/wp\/v2\/types\/page"}],"author":[{"embeddable":true,"href":"https:\/\/gealsa.testmillennials.es\/index.php?rest_route=\/wp\/v2\/users\/1"}],"replies":[{"embeddable":true,"href":"https:\/\/gealsa.testmillennials.es\/index.php?rest_route=%2Fwp%2Fv2%2Fcomments&post=18"}],"version-history":[{"count":6,"href":"https:\/\/gealsa.testmillennials.es\/index.php?rest_route=\/wp\/v2\/pages\/18\/revisions"}],"predecessor-version":[{"id":179,"href":"https:\/\/gealsa.testmillennials.es\/index.php?rest_route=\/wp\/v2\/pages\/18\/revisions\/179"}],"wp:attachment":[{"href":"https:\/\/gealsa.testmillennials.es\/index.php?rest_route=%2Fwp%2Fv2%2Fmedia&parent=18"}],"curies":[{"name":"wp","href":"https:\/\/api.w.org\/{rel}","templated":true}]}}